{"id":3967,"date":"2025-06-02T10:10:32","date_gmt":"2025-06-02T08:10:32","guid":{"rendered":"https:\/\/website.cleanfix.org\/impressum\/"},"modified":"2025-10-28T16:53:23","modified_gmt":"2025-10-28T15:53:23","slug":"yasal-uyari","status":"publish","type":"page","link":"https:\/\/cleanfix.org\/tr\/yasal-uyari\/","title":{"rendered":"Yasal uyar\u0131"},"content":{"rendered":"\n<h2 class=\"wp-block-heading\"><strong>Alman Telemedya Yasas\u0131 (TMG) B\u00f6l\u00fcm 5 uyar\u0131nca bilgiler<\/strong><\/h2>\n\n\n\n<p>H\u00e4gele GmbH<br>Am Niederfeld 13<br>73614 Schorndorf, Almanya<\/p>\n\n\n\n<p>Ticaret sicili: HRB 280915<br>Sicil mahkemesi: Stuttgart B\u00f6lge Mahkemesi<\/p>\n\n\n\n<p><strong>Temsilci:<\/strong><br>Benjamin H\u00e4gele, Steffen H\u00e4gele<\/p>\n\n\n\n<p><strong>\u0130leti\u015fim<\/strong><br>Telefon: +49 7181 96988-0<br>Faks: +49 7181 96988-80<br>E-posta: info@cleanfix.org<\/p>\n\n\n\n<p><strong>Sat\u0131\u015f vergisi kimli\u011fi<\/strong><br>Alman Katma De\u011fer Vergisi Kanunu&#8217;nun 27a maddesine g\u00f6re sat\u0131\u015f vergisi kimlik numaras\u0131:<br>DE 146 625 401<\/p>\n\n\n\n<p><strong>AB \u0130htilaf \u00c7\u00f6z\u00fcm\u00fc<\/strong><br>Avrupa Komisyonu bir \u00c7evrimi\u00e7i Uyu\u015fmazl\u0131k \u00c7\u00f6z\u00fcm\u00fc (ODR) platformu sunmaktad\u0131r: https:\/\/ec.europa.eu\/consumers\/odr\/.<br>E-posta adresimizi yukar\u0131daki yasal bildirimde bulabilirsiniz.<\/p>\n\n\n\n<p><strong>T\u00fcketici uyu\u015fmazl\u0131klar\u0131n\u0131n \u00e7\u00f6z\u00fcm\u00fc\/evrensel tahkim kurulu<\/strong><br>Bir t\u00fcketici hakem heyeti \u00f6n\u00fcndeki uyu\u015fmazl\u0131k \u00e7\u00f6z\u00fcm i\u015flemlerine kat\u0131lmaya istekli veya y\u00fck\u00fcml\u00fc de\u011filiz.<\/p>\n\n\n\n<p><strong>\u015eartlar ve Ko\u015fullar<\/strong><br><a href=\"\/media\/avb_haegele_en.pdf\" target=\"_blank\" rel=\"noreferrer noopener\">Genel Sat\u0131\u015f, Teslimat ve \u00d6deme Ko\u015fullar\u0131<\/a><br><a href=\"\/media\/aeb_haegele_en.pdf\" target=\"_blank\" rel=\"noreferrer noopener\">Genel sat\u0131n alma ko\u015fullar\u0131<\/a><\/p>\n\n\n\n<p><strong>Davran\u0131\u015f Kurallar\u0131<\/strong><br><a href=\"\/media\/code-of-conduct_en.pdf\" target=\"_blank\" rel=\"noreferrer noopener\">Davran\u0131\u015f Kurallar\u0131<\/a><\/p>\n\n\n\n<p><a href=\"https:\/\/cleanfix.org\/de\/\"><\/a><\/p>\n","protected":false},"excerpt":{"rendered":"<p>Alman Telemedya Yasas\u0131 (TMG) B\u00f6l\u00fcm 5 uyar\u0131nca bilgiler H\u00e4gele GmbHAm Niederfeld 1373614 Schorndorf, Almanya Ticaret sicili: HRB 280915Sicil mahkemesi: Stuttgart B\u00f6lge Mahkemesi Temsilci:Benjamin H\u00e4gele, Steffen H\u00e4gele \u0130leti\u015fimTelefon: +49 7181 96988-0Faks: +49 7181 96988-80E-posta: info@cleanfix.org Sat\u0131\u015f vergisi kimli\u011fiAlman Katma De\u011fer Vergisi Kanunu&#8217;nun 27a maddesine g\u00f6re sat\u0131\u015f vergisi kimlik numaras\u0131:DE 146 625 401 AB \u0130htilaf \u00c7\u00f6z\u00fcm\u00fcAvrupa Komisyonu [&hellip;]<\/p>\n","protected":false},"author":7,"featured_media":0,"parent":0,"menu_order":155,"comment_status":"closed","ping_status":"closed","template":"","meta":{"footnotes":""},"bw_seiten-template":[44],"class_list":["post-3967","page","type-page","status-publish","hentry","bw_seiten-template-rechtliches"],"_links":{"self":[{"href":"https:\/\/cleanfix.org\/tr\/wp-json\/wp\/v2\/pages\/3967","targetHints":{"allow":["GET"]}}],"collection":[{"href":"https:\/\/cleanfix.org\/tr\/wp-json\/wp\/v2\/pages"}],"about":[{"href":"https:\/\/cleanfix.org\/tr\/wp-json\/wp\/v2\/types\/page"}],"author":[{"embeddable":true,"href":"https:\/\/cleanfix.org\/tr\/wp-json\/wp\/v2\/users\/7"}],"replies":[{"embeddable":true,"href":"https:\/\/cleanfix.org\/tr\/wp-json\/wp\/v2\/comments?post=3967"}],"version-history":[{"count":3,"href":"https:\/\/cleanfix.org\/tr\/wp-json\/wp\/v2\/pages\/3967\/revisions"}],"predecessor-version":[{"id":4011,"href":"https:\/\/cleanfix.org\/tr\/wp-json\/wp\/v2\/pages\/3967\/revisions\/4011"}],"wp:attachment":[{"href":"https:\/\/cleanfix.org\/tr\/wp-json\/wp\/v2\/media?parent=3967"}],"wp:term":[{"taxonomy":"bw_seiten-template","embeddable":true,"href":"https:\/\/cleanfix.org\/tr\/wp-json\/wp\/v2\/bw_seiten-template?post=3967"}],"curies":[{"name":"wp","href":"https:\/\/api.w.org\/{rel}","templated":true}]}}