{"id":1530,"date":"2025-06-02T10:10:54","date_gmt":"2025-06-02T08:10:54","guid":{"rendered":"https:\/\/website.cleanfix.org\/iletisim-tesekkuerler\/"},"modified":"2026-02-17T11:44:15","modified_gmt":"2026-02-17T10:44:15","slug":"iletisim-tesekkuerler","status":"publish","type":"page","link":"https:\/\/cleanfix.org\/tr\/iletisim-tesekkuerler\/","title":{"rendered":"\u0130leti\u015fim Te\u015fekk\u00fcrler"},"content":{"rendered":"","protected":false},"excerpt":{"rendered":"","protected":false},"author":7,"featured_media":0,"parent":0,"menu_order":121,"comment_status":"closed","ping_status":"closed","template":"","meta":{"footnotes":""},"bw_seiten-template":[],"class_list":["post-1530","page","type-page","status-publish","hentry"],"_links":{"self":[{"href":"https:\/\/cleanfix.org\/tr\/wp-json\/wp\/v2\/pages\/1530","targetHints":{"allow":["GET"]}}],"collection":[{"href":"https:\/\/cleanfix.org\/tr\/wp-json\/wp\/v2\/pages"}],"about":[{"href":"https:\/\/cleanfix.org\/tr\/wp-json\/wp\/v2\/types\/page"}],"author":[{"embeddable":true,"href":"https:\/\/cleanfix.org\/tr\/wp-json\/wp\/v2\/users\/7"}],"replies":[{"embeddable":true,"href":"https:\/\/cleanfix.org\/tr\/wp-json\/wp\/v2\/comments?post=1530"}],"version-history":[{"count":1,"href":"https:\/\/cleanfix.org\/tr\/wp-json\/wp\/v2\/pages\/1530\/revisions"}],"predecessor-version":[{"id":5877,"href":"https:\/\/cleanfix.org\/tr\/wp-json\/wp\/v2\/pages\/1530\/revisions\/5877"}],"wp:attachment":[{"href":"https:\/\/cleanfix.org\/tr\/wp-json\/wp\/v2\/media?parent=1530"}],"wp:term":[{"taxonomy":"bw_seiten-template","embeddable":true,"href":"https:\/\/cleanfix.org\/tr\/wp-json\/wp\/v2\/bw_seiten-template?post=1530"}],"curies":[{"name":"wp","href":"https:\/\/api.w.org\/{rel}","templated":true}]}}