{"id":3965,"date":"2025-06-02T10:10:32","date_gmt":"2025-06-02T08:10:32","guid":{"rendered":"https:\/\/website.cleanfix.org\/impressum\/"},"modified":"2025-10-08T18:49:46","modified_gmt":"2025-10-08T16:49:46","slug":"aviso-legal","status":"publish","type":"page","link":"https:\/\/cleanfix.org\/pt-pt\/aviso-legal\/","title":{"rendered":"Aviso legal"},"content":{"rendered":"\n<h2 class=\"wp-block-heading\"><strong>Informa\u00e7\u00e3o de acordo com a Sec\u00e7\u00e3o 5 da lei alem\u00e3 das telecomunica\u00e7\u00f5es (TMG)<\/strong><\/h2>\n\n\n\n<p>H\u00e4gele GmbH<br>Am Niederfeld 13<br>73614 Schorndorf, Alemanha<\/p>\n\n\n\n<p>Registo comercial: HRB 280915<br>Tribunal de registo: Tribunal de distrito de Stuttgart<\/p>\n\n\n\n<p><strong>Representado por:<\/strong><br>Benjamin H\u00e4gele, Steffen H\u00e4gele<\/p>\n\n\n\n<p><strong>Contacto<\/strong><br>Telefone: +49 7181 96988-0<br>Fax: +49 7181 96988-80<br>E-mail: info@cleanfix.org<\/p>\n\n\n\n<p><strong>ID imposto sobre vendas<\/strong><br>N\u00famero de identifica\u00e7\u00e3o de imposto sobre vendas de acordo com a Sec\u00e7\u00e3o 27a da lei alem\u00e3 do imposto sobre o valor acrescentado:<br>DE 146 625 401<\/p>\n\n\n\n<p><strong>Resolu\u00e7\u00e3o de lit\u00edgios da UE<\/strong><br>A Comiss\u00e3o Europeia fornece uma plataforma de resolu\u00e7\u00e3o de lit\u00edgios em linha (ODR): https:\/\/ec.europa.eu\/consumers\/odr\/.<br>O utilizador pode encontrar o nosso endere\u00e7o de e-mail no aviso legal acima.<\/p>\n\n\n\n<p><strong>Conselho de arbitragem universal\/resolu\u00e7\u00e3o de lit\u00edgios do consumidor<\/strong><br>N\u00e3o estamos dispostos nem somos obrigados a participar em procedimentos de resolu\u00e7\u00e3o de lit\u00edgios em qualquer conselho de arbitragem de consumidores.<\/p>\n\n\n\n<p><strong>Termos e condi\u00e7\u00f5es<\/strong><br><a href=\"\/media\/avb_haegele_en.pdf\" target=\"_blank\" rel=\"noreferrer noopener\">Condi\u00e7\u00f5es gerais de venda, entrega e pagamento<\/a><br><a href=\"\/media\/aeb_haegele_en.pdf\" target=\"_blank\" rel=\"noreferrer noopener\">Condi\u00e7\u00f5es gerais de compra<\/a><\/p>\n\n\n\n<p><strong>C\u00f3digo de Conduta<\/strong><br><a href=\"\/media\/code-of-conduct_en.pdf\" target=\"_blank\" rel=\"noreferrer noopener\">C\u00f3digo de Conduta (Ingl\u00eas)<\/a><\/p>\n\n\n\n<p><a href=\"https:\/\/cleanfix.org\/de\/\"><\/a><\/p>\n","protected":false},"excerpt":{"rendered":"<p>Informa\u00e7\u00e3o de acordo com a Sec\u00e7\u00e3o 5 da lei alem\u00e3 das telecomunica\u00e7\u00f5es (TMG) H\u00e4gele GmbHAm Niederfeld 1373614 Schorndorf, Alemanha Registo comercial: HRB 280915Tribunal de registo: Tribunal de distrito de Stuttgart Representado por:Benjamin H\u00e4gele, Steffen H\u00e4gele ContactoTelefone: +49 7181 96988-0Fax: +49 7181 96988-80E-mail: info@cleanfix.org ID imposto sobre vendasN\u00famero de identifica\u00e7\u00e3o de imposto sobre vendas de acordo [&hellip;]<\/p>\n","protected":false},"author":7,"featured_media":0,"parent":0,"menu_order":159,"comment_status":"closed","ping_status":"closed","template":"","meta":{"footnotes":""},"bw_seiten-template":[44],"class_list":["post-3965","page","type-page","status-publish","hentry","bw_seiten-template-rechtliches"],"_links":{"self":[{"href":"https:\/\/cleanfix.org\/pt-pt\/wp-json\/wp\/v2\/pages\/3965","targetHints":{"allow":["GET"]}}],"collection":[{"href":"https:\/\/cleanfix.org\/pt-pt\/wp-json\/wp\/v2\/pages"}],"about":[{"href":"https:\/\/cleanfix.org\/pt-pt\/wp-json\/wp\/v2\/types\/page"}],"author":[{"embeddable":true,"href":"https:\/\/cleanfix.org\/pt-pt\/wp-json\/wp\/v2\/users\/7"}],"replies":[{"embeddable":true,"href":"https:\/\/cleanfix.org\/pt-pt\/wp-json\/wp\/v2\/comments?post=3965"}],"version-history":[{"count":1,"href":"https:\/\/cleanfix.org\/pt-pt\/wp-json\/wp\/v2\/pages\/3965\/revisions"}],"predecessor-version":[{"id":4009,"href":"https:\/\/cleanfix.org\/pt-pt\/wp-json\/wp\/v2\/pages\/3965\/revisions\/4009"}],"wp:attachment":[{"href":"https:\/\/cleanfix.org\/pt-pt\/wp-json\/wp\/v2\/media?parent=3965"}],"wp:term":[{"taxonomy":"bw_seiten-template","embeddable":true,"href":"https:\/\/cleanfix.org\/pt-pt\/wp-json\/wp\/v2\/bw_seiten-template?post=3965"}],"curies":[{"name":"wp","href":"https:\/\/api.w.org\/{rel}","templated":true}]}}