{"id":3964,"date":"2025-06-02T10:10:32","date_gmt":"2025-06-02T08:10:32","guid":{"rendered":"https:\/\/website.cleanfix.org\/impressum\/"},"modified":"2025-10-08T18:50:33","modified_gmt":"2025-10-08T16:50:33","slug":"aviso-legal","status":"publish","type":"page","link":"https:\/\/cleanfix.org\/pt-br\/aviso-legal\/","title":{"rendered":"Aviso legal"},"content":{"rendered":"\n<h2 class=\"wp-block-heading\"><strong>Informa\u00e7\u00f5es de acordo com a Se\u00e7\u00e3o 5 da Lei Alem\u00e3 de Telem\u00eddia (TMG)<\/strong><\/h2>\n\n\n\n<p>H\u00e4gele GmbH<br>Am Niederfeld 13<br>73614 Schorndorf, Alemanha<\/p>\n\n\n\n<p>Registro comercial: HRB 280915<br>Tribunal de registro: Tribunal Distrital de Stuttgart<\/p>\n\n\n\n<p><strong>Representada por:<\/strong><br>Benjamin H\u00e4gele, Steffen H\u00e4gele<\/p>\n\n\n\n<p><strong>Contato<\/strong><br>Telefone: +49 7181 96988-0<br>Fax: +49 7181 96988-80<br>E-mail: info@cleanfix.org<\/p>\n\n\n\n<p><strong>ID do imposto sobre vendas<\/strong><br>N\u00famero de identifica\u00e7\u00e3o do imposto sobre vendas de acordo com a Se\u00e7\u00e3o 27a da Lei Alem\u00e3 de Imposto sobre Valor Agregado:<br>DE 146 625 401<\/p>\n\n\n\n<p><strong>Resolu\u00e7\u00e3o de disputas na UE<\/strong><br>A Comiss\u00e3o Europeia oferece uma plataforma de resolu\u00e7\u00e3o de disputas on-line (ODR): https:\/\/ec.europa.eu\/consumers\/odr\/.<br>Nosso endere\u00e7o de e-mail pode ser obtido no aviso legal acima.<\/p>\n\n\n\n<p><strong>Resolu\u00e7\u00e3o de conflitos do consumidor\/conselho de arbitragem universal<\/strong><br>N\u00e3o estamos dispostos nem somos obrigados a participar de procedimentos de resolu\u00e7\u00e3o de disputas perante um conselho de arbitragem de consumidores.<\/p>\n\n\n\n<p><strong>Termos e condi\u00e7\u00f5es<\/strong><br><a href=\"\/media\/avb_haegele_en.pdf\" target=\"_blank\" rel=\"noreferrer noopener\">Condi\u00e7\u00f5es gerais de venda, entrega e pagamento<\/a><br><a href=\"\/media\/aeb_haegele_en.pdf\" target=\"_blank\" rel=\"noreferrer noopener\">Condi\u00e7\u00f5es gerais de compra<\/a><\/p>\n\n\n\n<p><strong>C\u00f3digo de Conduta<\/strong><br><a href=\"\/media\/code-of-conduct_en.pdf\" target=\"_blank\" rel=\"noreferrer noopener\">C\u00f3digo de Conduta (Ingl\u00eas)<\/a><\/p>\n\n\n\n<p><a href=\"https:\/\/cleanfix.org\/de\/\"><\/a><\/p>\n","protected":false},"excerpt":{"rendered":"<p>Informa\u00e7\u00f5es de acordo com a Se\u00e7\u00e3o 5 da Lei Alem\u00e3 de Telem\u00eddia (TMG) H\u00e4gele GmbHAm Niederfeld 1373614 Schorndorf, Alemanha Registro comercial: HRB 280915Tribunal de registro: Tribunal Distrital de Stuttgart Representada por:Benjamin H\u00e4gele, Steffen H\u00e4gele ContatoTelefone: +49 7181 96988-0Fax: +49 7181 96988-80E-mail: info@cleanfix.org ID do imposto sobre vendasN\u00famero de identifica\u00e7\u00e3o do imposto sobre vendas de acordo [&hellip;]<\/p>\n","protected":false},"author":7,"featured_media":0,"parent":0,"menu_order":154,"comment_status":"closed","ping_status":"closed","template":"","meta":{"footnotes":""},"bw_seiten-template":[44],"class_list":["post-3964","page","type-page","status-publish","hentry","bw_seiten-template-rechtliches"],"_links":{"self":[{"href":"https:\/\/cleanfix.org\/pt-br\/wp-json\/wp\/v2\/pages\/3964","targetHints":{"allow":["GET"]}}],"collection":[{"href":"https:\/\/cleanfix.org\/pt-br\/wp-json\/wp\/v2\/pages"}],"about":[{"href":"https:\/\/cleanfix.org\/pt-br\/wp-json\/wp\/v2\/types\/page"}],"author":[{"embeddable":true,"href":"https:\/\/cleanfix.org\/pt-br\/wp-json\/wp\/v2\/users\/7"}],"replies":[{"embeddable":true,"href":"https:\/\/cleanfix.org\/pt-br\/wp-json\/wp\/v2\/comments?post=3964"}],"version-history":[{"count":1,"href":"https:\/\/cleanfix.org\/pt-br\/wp-json\/wp\/v2\/pages\/3964\/revisions"}],"predecessor-version":[{"id":4010,"href":"https:\/\/cleanfix.org\/pt-br\/wp-json\/wp\/v2\/pages\/3964\/revisions\/4010"}],"wp:attachment":[{"href":"https:\/\/cleanfix.org\/pt-br\/wp-json\/wp\/v2\/media?parent=3964"}],"wp:term":[{"taxonomy":"bw_seiten-template","embeddable":true,"href":"https:\/\/cleanfix.org\/pt-br\/wp-json\/wp\/v2\/bw_seiten-template?post=3964"}],"curies":[{"name":"wp","href":"https:\/\/api.w.org\/{rel}","templated":true}]}}