{"id":3962,"date":"2025-06-02T10:10:32","date_gmt":"2025-06-02T08:10:32","guid":{"rendered":"https:\/\/website.cleanfix.org\/impressum\/"},"modified":"2025-10-08T18:46:39","modified_gmt":"2025-10-08T16:46:39","slug":"impression","status":"publish","type":"page","link":"https:\/\/cleanfix.org\/fr\/impression\/","title":{"rendered":"Impression"},"content":{"rendered":"\n<h2 class=\"wp-block-heading\"><strong>Informations conform\u00e9ment \u00e0 l\u2019article&nbsp;5 de la loi allemande sur les t\u00e9l\u00e9m\u00e9dias (TMG)<\/strong><\/h2>\n\n\n\n<p>H\u00e4gele GmbH<br>Am Niederfeld 13<br>73614 Schorndorf, Allemagne<\/p>\n\n\n\n<p>Registre du commerce&nbsp;: HRB 280915<br>For juridique&nbsp;: Tribunal d\u2019instance de Stuttgart<\/p>\n\n\n\n<p><strong>Repr\u00e9sent\u00e9e par&nbsp;:<\/strong><br>Benjamin&nbsp;H\u00e4gele, Steffen&nbsp;H\u00e4gele<\/p>\n\n\n\n<p><strong>Contact<\/strong><br>T\u00e9l\u00e9phone&nbsp;: +49 7181 96988-0<br>Fax&nbsp;: +49 7181 96988-80<br>E-mail&nbsp;: info@cleanfix.org<\/p>\n\n\n\n<p><strong>Num\u00e9ro de TVA intracommunautaire<\/strong><br>Num\u00e9ro de TVA intracommunautaire conform\u00e9ment \u00e0 l\u2019article&nbsp;27a de la loi allemande sur la taxe \u00e0 la valeur ajout\u00e9e&nbsp;:<br>DE 146 625 401<\/p>\n\n\n\n<p><strong>R\u00e8glement des litiges dans l\u2019UE<\/strong><br>La Commission europ\u00e9enne met \u00e0 disposition une plateforme de r\u00e8glement des litiges en ligne&nbsp;: https:\/\/ec.europa.eu\/consumers\/odr\/.<br>Vous trouverez notre adresse e-mail dans les mentions l\u00e9gales ci-dessus.<\/p>\n\n\n\n<p><strong>R\u00e8glement des litiges de consommation\/commission d\u2019arbitrage universel<\/strong><br>Nous ne sommes pas dispos\u00e9s \u00e0 participer \u00e0 une proc\u00e9dure de r\u00e8glement des litiges devant une commission d\u2019arbitrage des consommateurs et n\u2019avons aucune obligation \u00e0 le faire.<\/p>\n\n\n\n<p><strong>Conditions g\u00e9n\u00e9rales d&#8217;utilisation<\/strong><br><a href=\"\/media\/avb_haegele_en.pdf\" target=\"_blank\" rel=\"noreferrer noopener\">Conditions g\u00e9n\u00e9rales de vente, de livraison et de paiement<\/a><br><a href=\"\/media\/aeb_haegele_en.pdf\" target=\"_blank\" rel=\"noreferrer noopener\">Conditions g\u00e9n\u00e9rales d&#8217;achat<\/a><\/p>\n\n\n\n<p><strong>Code de conduite<\/strong><br><a href=\"\/media\/code-of-conduct_en.pdf\" target=\"_blank\" rel=\"noreferrer noopener\">Code de conduite (anglais)<\/a><\/p>\n\n\n\n<p><a href=\"https:\/\/cleanfix.org\/de\/\"><\/a><\/p>\n","protected":false},"excerpt":{"rendered":"<p>Informations conform\u00e9ment \u00e0 l\u2019article&nbsp;5 de la loi allemande sur les t\u00e9l\u00e9m\u00e9dias (TMG) H\u00e4gele GmbHAm Niederfeld 1373614 Schorndorf, Allemagne Registre du commerce&nbsp;: HRB 280915For juridique&nbsp;: Tribunal d\u2019instance de Stuttgart Repr\u00e9sent\u00e9e par&nbsp;:Benjamin&nbsp;H\u00e4gele, Steffen&nbsp;H\u00e4gele ContactT\u00e9l\u00e9phone&nbsp;: +49 7181 96988-0Fax&nbsp;: +49 7181 96988-80E-mail&nbsp;: info@cleanfix.org Num\u00e9ro de TVA intracommunautaireNum\u00e9ro de TVA intracommunautaire conform\u00e9ment \u00e0 l\u2019article&nbsp;27a de la loi allemande sur la [&hellip;]<\/p>\n","protected":false},"author":7,"featured_media":0,"parent":0,"menu_order":157,"comment_status":"closed","ping_status":"closed","template":"","meta":{"footnotes":""},"bw_seiten-template":[44],"class_list":["post-3962","page","type-page","status-publish","hentry","bw_seiten-template-rechtliches"],"_links":{"self":[{"href":"https:\/\/cleanfix.org\/fr\/wp-json\/wp\/v2\/pages\/3962","targetHints":{"allow":["GET"]}}],"collection":[{"href":"https:\/\/cleanfix.org\/fr\/wp-json\/wp\/v2\/pages"}],"about":[{"href":"https:\/\/cleanfix.org\/fr\/wp-json\/wp\/v2\/types\/page"}],"author":[{"embeddable":true,"href":"https:\/\/cleanfix.org\/fr\/wp-json\/wp\/v2\/users\/7"}],"replies":[{"embeddable":true,"href":"https:\/\/cleanfix.org\/fr\/wp-json\/wp\/v2\/comments?post=3962"}],"version-history":[{"count":2,"href":"https:\/\/cleanfix.org\/fr\/wp-json\/wp\/v2\/pages\/3962\/revisions"}],"predecessor-version":[{"id":4006,"href":"https:\/\/cleanfix.org\/fr\/wp-json\/wp\/v2\/pages\/3962\/revisions\/4006"}],"wp:attachment":[{"href":"https:\/\/cleanfix.org\/fr\/wp-json\/wp\/v2\/media?parent=3962"}],"wp:term":[{"taxonomy":"bw_seiten-template","embeddable":true,"href":"https:\/\/cleanfix.org\/fr\/wp-json\/wp\/v2\/bw_seiten-template?post=3962"}],"curies":[{"name":"wp","href":"https:\/\/api.w.org\/{rel}","templated":true}]}}