{"id":3966,"date":"2025-06-02T10:10:32","date_gmt":"2025-06-02T08:10:32","guid":{"rendered":"https:\/\/website.cleanfix.org\/impressum\/"},"modified":"2025-10-08T18:47:40","modified_gmt":"2025-10-08T16:47:40","slug":"aviso-legal","status":"publish","type":"page","link":"https:\/\/cleanfix.org\/es\/aviso-legal\/","title":{"rendered":"Aviso legal"},"content":{"rendered":"\n<h2 class=\"wp-block-heading\"><strong>Informaci\u00f3n de acuerdo a la secci\u00f3n 5 de la Ley de Organismos de Radiodifusi\u00f3n alemana (TMG, por sus siglas en alem\u00e1n)<\/strong><\/h2>\n\n\n\n<p>H\u00e4gele GmbH<br>Am Niederfeld 13<br>73614 Schorndorf, Alemania<\/p>\n\n\n\n<p>Registro mercantil: HRB 280915<br>Tribunal de registro: Tribunal del distrito de Stuttgart<\/p>\n\n\n\n<p><strong>Representantes:<\/strong><br>Benjamin H\u00e4gele, Steffen H\u00e4gele<\/p>\n\n\n\n<p><strong>Contacto<\/strong><br>Tel\u00e9fono: +49 7181 96988-0<br>Fax: +49 7181 96988-80<br>Correo electr\u00f3nico: info@cleanfix.org<\/p>\n\n\n\n<p><strong>Identificador fiscal<\/strong><br>N\u00famero de identificador fiscal de acuerdo a la secci\u00f3n 27a de la Ley sobre el Impuesto sobre el Valor A\u00f1adido de Alemania:<br>DE 146 625 401<\/p>\n\n\n\n<p><strong>Resoluci\u00f3n de litigios en la UE<\/strong><br>La Comisi\u00f3n Europea dispone de una plataforma de resoluci\u00f3n de litigios en l\u00ednea (RLL): https:\/\/ec.europa.eu\/consumers\/odr\/.<br>Podr\u00e1s encontrar nuestra direcci\u00f3n de correo electr\u00f3nico en el aviso legal anterior.<\/p>\n\n\n\n<p><strong>Resoluci\u00f3n de litigios en materia de consumo\/comisi\u00f3n de arbitraje universal<\/strong><br>No estamos dispuestos ni obligados a participar en procedimientos de resoluci\u00f3n de litigios ante una comisi\u00f3n de arbitraje de consumo.<\/p>\n\n\n\n<p><strong>Condiciones generales<\/strong><br><a href=\"\/media\/avb_haegele_en.pdf\" target=\"_blank\" rel=\"noreferrer noopener\">Condiciones generales de venta, entrega y pago<\/a><br><a href=\"\/media\/aeb_haegele_en.pdf\" target=\"_blank\" rel=\"noreferrer noopener\">Condiciones generales de compra<\/a><\/p>\n\n\n\n<p><strong>C\u00f3digo de conducta<\/strong><br><a href=\"\/media\/code-of-conduct_en.pdf\" target=\"_blank\" rel=\"noreferrer noopener\">C\u00f3digo de conducta (ingl\u00e9s)<\/a><\/p>\n\n\n\n<p><\/p>\n","protected":false},"excerpt":{"rendered":"<p>Informaci\u00f3n de acuerdo a la secci\u00f3n 5 de la Ley de Organismos de Radiodifusi\u00f3n alemana (TMG, por sus siglas en alem\u00e1n) H\u00e4gele GmbHAm Niederfeld 1373614 Schorndorf, Alemania Registro mercantil: HRB 280915Tribunal de registro: Tribunal del distrito de Stuttgart Representantes:Benjamin H\u00e4gele, Steffen H\u00e4gele ContactoTel\u00e9fono: +49 7181 96988-0Fax: +49 7181 96988-80Correo electr\u00f3nico: info@cleanfix.org Identificador fiscalN\u00famero de identificador [&hellip;]<\/p>\n","protected":false},"author":7,"featured_media":0,"parent":0,"menu_order":160,"comment_status":"closed","ping_status":"closed","template":"","meta":{"footnotes":""},"bw_seiten-template":[44],"class_list":["post-3966","page","type-page","status-publish","hentry","bw_seiten-template-rechtliches"],"_links":{"self":[{"href":"https:\/\/cleanfix.org\/es\/wp-json\/wp\/v2\/pages\/3966","targetHints":{"allow":["GET"]}}],"collection":[{"href":"https:\/\/cleanfix.org\/es\/wp-json\/wp\/v2\/pages"}],"about":[{"href":"https:\/\/cleanfix.org\/es\/wp-json\/wp\/v2\/types\/page"}],"author":[{"embeddable":true,"href":"https:\/\/cleanfix.org\/es\/wp-json\/wp\/v2\/users\/7"}],"replies":[{"embeddable":true,"href":"https:\/\/cleanfix.org\/es\/wp-json\/wp\/v2\/comments?post=3966"}],"version-history":[{"count":4,"href":"https:\/\/cleanfix.org\/es\/wp-json\/wp\/v2\/pages\/3966\/revisions"}],"predecessor-version":[{"id":4007,"href":"https:\/\/cleanfix.org\/es\/wp-json\/wp\/v2\/pages\/3966\/revisions\/4007"}],"wp:attachment":[{"href":"https:\/\/cleanfix.org\/es\/wp-json\/wp\/v2\/media?parent=3966"}],"wp:term":[{"taxonomy":"bw_seiten-template","embeddable":true,"href":"https:\/\/cleanfix.org\/es\/wp-json\/wp\/v2\/bw_seiten-template?post=3966"}],"curies":[{"name":"wp","href":"https:\/\/api.w.org\/{rel}","templated":true}]}}